{"id":27215,"date":"2024-06-11T10:37:47","date_gmt":"2024-06-11T07:37:47","guid":{"rendered":"https:\/\/gerz-aec.com\/?page_id=27215"},"modified":"2024-07-22T17:42:11","modified_gmt":"2024-07-22T14:42:11","slug":"architektyrni-koncepcii","status":"publish","type":"page","link":"https:\/\/gerz-aec.com\/de\/architektyrni-koncepcii\/","title":{"rendered":"Architektur-Konzepte"},"content":{"rendered":"<div data-elementor-type=\"wp-page\" data-elementor-id=\"27215\" class=\"elementor elementor-27215\" data-elementor-post-type=\"page\">\n\t\t\t\t\t\t<section class=\"elementor-section elementor-top-section elementor-element elementor-element-8321f37 elementor-section-stretched elementor-section-full_width elementor-section-height-default elementor-section-height-default\" data-id=\"8321f37\" data-element_type=\"section\" data-settings=\"{&quot;stretch_section&quot;:&quot;section-stretched&quot;,&quot;_ha_eqh_enable&quot;:false}\">\n\t\t\t\t\t\t\t<div class=\"elementor-background-overlay\"><\/div>\n\t\t\t\t\t\t\t<div class=\"elementor-container elementor-column-gap-wide\">\n\t\t\t\t\t<div class=\"elementor-column elementor-col-50 elementor-top-column elementor-element elementor-element-d7ebf8a\" data-id=\"d7ebf8a\" data-element_type=\"column\">\n\t\t\t<div class=\"elementor-widget-wrap elementor-element-populated\">\n\t\t\t\t\t\t<div class=\"elementor-element elementor-element-6eeec08 elementor-widget elementor-widget-text-editor\" data-id=\"6eeec08\" data-element_type=\"widget\" data-widget_type=\"text-editor.default\">\n\t\t\t\t<div class=\"elementor-widget-container\">\n\t\t\t<style>\/*! elementor - v3.20.0 - 20-03-2024 *\/\n.elementor-widget-text-editor.elementor-drop-cap-view-stacked .elementor-drop-cap{background-color:#69727d;color:#fff}.elementor-widget-text-editor.elementor-drop-cap-view-framed .elementor-drop-cap{color:#69727d;border:3px solid;background-color:transparent}.elementor-widget-text-editor:not(.elementor-drop-cap-view-default) .elementor-drop-cap{margin-top:8px}.elementor-widget-text-editor:not(.elementor-drop-cap-view-default) .elementor-drop-cap-letter{width:1em;height:1em}.elementor-widget-text-editor .elementor-drop-cap{float:left;text-align:center;line-height:1;font-size:50px}.elementor-widget-text-editor .elementor-drop-cap-letter{display:inline-block}<\/style>\t\t\t\t<p>Da Architekturkonzepte die Basis f\u00fcr den Erfolg eines Projekts bilden, legen wir bei deren Erstellung stets gr\u00f6\u00dften Wert auf Sorgfalt und Pr\u00e4zision. Unser Angebot umfasst qualitativ hochwertige Vorentw\u00fcrfe, die die W\u00fcnsche des Kunden und die modernen Trends in Architektur und Design ber\u00fccksichtigen. Aufgrund unserer langj\u00e4hrigen Erfahrung sind wir in der Lage, auch anspruchsvolle Aufgabenstellungen effizient zu bew\u00e4ltigen, innovative L\u00f6sungen anzubieten und Projekte auf hohem Niveau zu realisieren. Entscheiden Sie sich f\u00fcr uns, so treffen Sie Ihre Wahl zu Gunsten eines zuverl\u00e4ssigen Partners, der Qualit\u00e4t, Kompetenz und die strikte Einhaltung von Terminen und Budgets garantiert.<\/p>\t\t\t\t\t\t<\/div>\n\t\t\t\t<\/div>\n\t\t\t\t\t<\/div>\n\t\t<\/div>\n\t\t\t\t<div class=\"elementor-column elementor-col-50 elementor-top-column elementor-element elementor-element-83b635c\" data-id=\"83b635c\" data-element_type=\"column\" data-settings=\"{&quot;background_background&quot;:&quot;classic&quot;}\">\n\t\t\t<div class=\"elementor-widget-wrap elementor-element-populated\">\n\t\t\t\t\t\t<div class=\"elementor-element elementor-element-db124bb elementor-widget elementor-widget-gallery\" data-id=\"db124bb\" data-element_type=\"widget\" data-settings=\"{&quot;columns&quot;:2,&quot;aspect_ratio&quot;:&quot;1:1&quot;,&quot;lazyload&quot;:&quot;yes&quot;,&quot;gallery_layout&quot;:&quot;grid&quot;,&quot;columns_tablet&quot;:2,&quot;columns_mobile&quot;:1,&quot;gap&quot;:{&quot;unit&quot;:&quot;px&quot;,&quot;size&quot;:10,&quot;sizes&quot;:[]},&quot;gap_tablet&quot;:{&quot;unit&quot;:&quot;px&quot;,&quot;size&quot;:10,&quot;sizes&quot;:[]},&quot;gap_mobile&quot;:{&quot;unit&quot;:&quot;px&quot;,&quot;size&quot;:10,&quot;sizes&quot;:[]},&quot;link_to&quot;:&quot;file&quot;,&quot;overlay_background&quot;:&quot;yes&quot;,&quot;content_hover_animation&quot;:&quot;fade-in&quot;}\" data-widget_type=\"gallery.default\">\n\t\t\t\t<div class=\"elementor-widget-container\">\n\t\t\t<style>\/*! elementor-pro - v3.21.0 - 30-04-2024 *\/\n.elementor-gallery__container{min-height:1px}.elementor-gallery-item{position:relative;overflow:hidden;display:block;text-decoration:none;border:solid var(--image-border-width) var(--image-border-color);border-radius:var(--image-border-radius)}.elementor-gallery-item__content,.elementor-gallery-item__overlay{height:100%;width:100%;position:absolute;top:0;left:0}.elementor-gallery-item__overlay{mix-blend-mode:var(--overlay-mix-blend-mode);transition-duration:var(--overlay-transition-duration);transition-property:mix-blend-mode,transform,opacity,background-color}.elementor-gallery-item__image.e-gallery-image{transition-duration:var(--image-transition-duration);transition-property:filter,transform}.elementor-gallery-item__content{display:flex;flex-direction:column;justify-content:var(--content-justify-content,center);align-items:center;text-align:var(--content-text-align);padding:var(--content-padding)}.elementor-gallery-item__content>div{transition-duration:var(--content-transition-duration)}.elementor-gallery-item__content.elementor-gallery--sequenced-animation>div:nth-child(2){transition-delay:calc(var(--content-transition-delay) \/ 3)}.elementor-gallery-item__content.elementor-gallery--sequenced-animation>div:nth-child(3){transition-delay:calc(var(--content-transition-delay) \/ 3 * 2)}.elementor-gallery-item__content.elementor-gallery--sequenced-animation>div:nth-child(4){transition-delay:calc(var(--content-transition-delay) \/ 3 * 3)}.elementor-gallery-item__description{color:var(--description-text-color,#fff);width:100%}.elementor-gallery-item__title{color:var(--title-text-color,#fff);font-weight:700;width:100%}.elementor-gallery__titles-container{display:flex;flex-wrap:wrap;justify-content:var(--titles-container-justify-content,center);margin-bottom:20px}.elementor-gallery__titles-container:not(.e--pointer-framed) .elementor-item:after,.elementor-gallery__titles-container:not(.e--pointer-framed) .elementor-item:before{background-color:var(--galleries-pointer-bg-color-hover)}.elementor-gallery__titles-container:not(.e--pointer-framed) .elementor-item.elementor-item-active:after,.elementor-gallery__titles-container:not(.e--pointer-framed) .elementor-item.elementor-item-active:before{background-color:var(--galleries-pointer-bg-color-active)}.elementor-gallery__titles-container.e--pointer-framed .elementor-item:before{border-color:var(--galleries-pointer-bg-color-hover);border-width:var(--galleries-pointer-border-width)}.elementor-gallery__titles-container.e--pointer-framed .elementor-item:after{border-color:var(--galleries-pointer-bg-color-hover)}.elementor-gallery__titles-container.e--pointer-framed .elementor-item.elementor-item-active:after,.elementor-gallery__titles-container.e--pointer-framed .elementor-item.elementor-item-active:before{border-color:var(--galleries-pointer-bg-color-active)}.elementor-gallery__titles-container.e--pointer-framed.e--animation-draw .elementor-item:before{border-left-width:var(--galleries-pointer-border-width);border-bottom-width:var(--galleries-pointer-border-width);border-right-width:0;border-top-width:0}.elementor-gallery__titles-container.e--pointer-framed.e--animation-draw .elementor-item:after{border-left-width:0;border-bottom-width:0;border-right-width:var(--galleries-pointer-border-width);border-top-width:var(--galleries-pointer-border-width)}.elementor-gallery__titles-container.e--pointer-framed.e--animation-corners .elementor-item:before{border-left-width:var(--galleries-pointer-border-width);border-bottom-width:0;border-right-width:0;border-top-width:var(--galleries-pointer-border-width)}.elementor-gallery__titles-container.e--pointer-framed.e--animation-corners .elementor-item:after{border-left-width:0;border-bottom-width:var(--galleries-pointer-border-width);border-right-width:var(--galleries-pointer-border-width);border-top-width:0}.elementor-gallery__titles-container .e--pointer-double-line .elementor-item:after,.elementor-gallery__titles-container .e--pointer-double-line .elementor-item:before,.elementor-gallery__titles-container .e--pointer-overline .elementor-item:before,.elementor-gallery__titles-container .e--pointer-underline .elementor-item:after{height:var(--galleries-pointer-border-width)}.elementor-gallery-title{--space-between:10px;cursor:pointer;color:#6d7882;font-weight:500;position:relative;padding:7px 14px;transition:all .3s}.elementor-gallery-title--active{color:#495157}.elementor-gallery-title:not(:last-child){margin-inline-end:var(--space-between)}.elementor-gallery-item__title+.elementor-gallery-item__description{margin-top:var(--description-margin-top)}.e-gallery-item.elementor-gallery-item{transition-property:all}.e-gallery-item.elementor-animated-content .elementor-animated-item--enter-from-bottom,.e-gallery-item.elementor-animated-content .elementor-animated-item--enter-from-left,.e-gallery-item.elementor-animated-content .elementor-animated-item--enter-from-right,.e-gallery-item.elementor-animated-content .elementor-animated-item--enter-from-top,.e-gallery-item:focus .elementor-gallery__item-overlay-bg,.e-gallery-item:focus .elementor-gallery__item-overlay-content,.e-gallery-item:focus .elementor-gallery__item-overlay-content__description,.e-gallery-item:focus .elementor-gallery__item-overlay-content__title,.e-gallery-item:hover .elementor-gallery__item-overlay-bg,.e-gallery-item:hover .elementor-gallery__item-overlay-content,.e-gallery-item:hover .elementor-gallery__item-overlay-content__description,.e-gallery-item:hover .elementor-gallery__item-overlay-content__title{opacity:1}a.elementor-item.elementor-gallery-title{color:var(--galleries-title-color-normal)}a.elementor-item.elementor-gallery-title.elementor-item-active,a.elementor-item.elementor-gallery-title.highlighted,a.elementor-item.elementor-gallery-title:focus,a.elementor-item.elementor-gallery-title:hover{color:var(--galleries-title-color-hover)}a.elementor-item.elementor-gallery-title.elementor-item-active{color:var(--gallery-title-color-active)}.e-con-inner>.elementor-widget-gallery,.e-con>.elementor-widget-gallery{width:var(--container-widget-width);--flex-grow:var(--container-widget-flex-grow)}<\/style>\t\t<div class=\"elementor-gallery__container\">\n\t\t\t\t\t\t\t<a class=\"e-gallery-item elementor-gallery-item elementor-animated-content\" href=\"https:\/\/gerz-aec.com\/wp-content\/uploads\/2024\/07\/10.jpg\" data-elementor-open-lightbox=\"yes\" data-elementor-lightbox-slideshow=\"db124bb\" data-elementor-lightbox-title=\"10\" data-e-action-hash=\"#elementor-action%3Aaction%3Dlightbox%26settings%3DeyJpZCI6MjkxMDksInVybCI6Imh0dHBzOlwvXC9nZXJ6LWFlYy5jb21cL3dwLWNvbnRlbnRcL3VwbG9hZHNcLzIwMjRcLzA3XC8xMC5qcGciLCJzbGlkZXNob3ciOiJkYjEyNGJiIn0%3D\">\n\t\t\t\t\t<div class=\"e-gallery-image elementor-gallery-item__image\" data-thumbnail=\"https:\/\/gerz-aec.com\/wp-content\/uploads\/2024\/07\/10.jpg\" data-width=\"440\" data-height=\"330\" aria-label=\"\" role=\"img\" ><\/div>\n\t\t\t\t\t\t\t\t\t\t\t<div class=\"elementor-gallery-item__overlay\"><\/div>\n\t\t\t\t\t\t\t\t\t\t\t\t\t\t<\/a>\n\t\t\t\t\t\t\t<a class=\"e-gallery-item elementor-gallery-item elementor-animated-content\" href=\"https:\/\/gerz-aec.com\/wp-content\/uploads\/2024\/07\/9.jpg\" data-elementor-open-lightbox=\"yes\" data-elementor-lightbox-slideshow=\"db124bb\" data-elementor-lightbox-title=\"9\" data-e-action-hash=\"#elementor-action%3Aaction%3Dlightbox%26settings%3DeyJpZCI6MjkxMDgsInVybCI6Imh0dHBzOlwvXC9nZXJ6LWFlYy5jb21cL3dwLWNvbnRlbnRcL3VwbG9hZHNcLzIwMjRcLzA3XC85LmpwZyIsInNsaWRlc2hvdyI6ImRiMTI0YmIifQ%3D%3D\">\n\t\t\t\t\t<div class=\"e-gallery-image elementor-gallery-item__image\" data-thumbnail=\"https:\/\/gerz-aec.com\/wp-content\/uploads\/2024\/07\/9-933x694.jpg\" data-width=\"933\" data-height=\"694\" aria-label=\"\" role=\"img\" ><\/div>\n\t\t\t\t\t\t\t\t\t\t\t<div class=\"elementor-gallery-item__overlay\"><\/div>\n\t\t\t\t\t\t\t\t\t\t\t\t\t\t<\/a>\n\t\t\t\t\t<\/div>\n\t\t\t<\/div>\n\t\t\t\t<\/div>\n\t\t\t\t\t<\/div>\n\t\t<\/div>\n\t\t\t\t\t<\/div>\n\t\t<\/section>\n\t\t\t\t<section class=\"elementor-section elementor-top-section elementor-element elementor-element-a43fc48 elementor-section-stretched elementor-section-full_width elementor-section-height-default elementor-section-height-default\" data-id=\"a43fc48\" data-element_type=\"section\" data-settings=\"{&quot;stretch_section&quot;:&quot;section-stretched&quot;,&quot;_ha_eqh_enable&quot;:false}\">\n\t\t\t\t\t\t\t<div class=\"elementor-background-overlay\"><\/div>\n\t\t\t\t\t\t\t<div class=\"elementor-container elementor-column-gap-wide\">\n\t\t\t\t\t<div class=\"elementor-column elementor-col-50 elementor-top-column elementor-element elementor-element-f0b0bc7\" data-id=\"f0b0bc7\" data-element_type=\"column\" data-settings=\"{&quot;background_background&quot;:&quot;classic&quot;}\">\n\t\t\t<div class=\"elementor-widget-wrap elementor-element-populated\">\n\t\t\t\t\t\t<div class=\"elementor-element elementor-element-b171e47 elementor-invisible elementor-widget elementor-widget-image\" data-id=\"b171e47\" data-element_type=\"widget\" data-settings=\"{&quot;_animation&quot;:&quot;fadeInRight&quot;}\" data-widget_type=\"image.default\">\n\t\t\t\t<div class=\"elementor-widget-container\">\n\t\t\t<style>\/*! elementor - v3.20.0 - 20-03-2024 *\/\n.elementor-widget-image{text-align:center}.elementor-widget-image a{display:inline-block}.elementor-widget-image a img[src$=\".svg\"]{width:48px}.elementor-widget-image img{vertical-align:middle;display:inline-block}<\/style>\t\t\t\t\t\t\t\t\t\t<img decoding=\"async\" src=\"https:\/\/gerz-aec.com\/wp-content\/uploads\/elementor\/thumbs\/oreanda-scaled-qr6vwmlyfty38mh74n6yqx4v2w1sy8r1qx27d08a1c.jpg\" title=\"oreanda\" alt=\"oreanda\" loading=\"lazy\" \/>\t\t\t\t\t\t\t\t\t\t\t\t\t<\/div>\n\t\t\t\t<\/div>\n\t\t\t\t\t<\/div>\n\t\t<\/div>\n\t\t\t\t<div class=\"elementor-column elementor-col-50 elementor-top-column elementor-element elementor-element-24f5d71\" data-id=\"24f5d71\" data-element_type=\"column\">\n\t\t\t<div class=\"elementor-widget-wrap elementor-element-populated\">\n\t\t\t\t\t\t<div class=\"elementor-element elementor-element-9c85a18 elementor-widget__width-initial elementor-widget elementor-widget-text-editor\" data-id=\"9c85a18\" data-element_type=\"widget\" data-widget_type=\"text-editor.default\">\n\t\t\t\t<div class=\"elementor-widget-container\">\n\t\t\t\t\t\t\t<p>Wir erbringen eine breite Palette von Vorentwurfsleistungen im Bereich:<\/p><ul><li>Wohnkomplexe \/ Mehrfamilienh\u00e4user.<\/li><li>Umbau und Modernisierung von Bestandsimmobilien.<\/li><li>B\u00fcrogeb\u00e4ude und Gesch\u00e4ftszentren.<\/li><li>Einkaufszentren.<\/li><li>Hotels, Restaurants, Freizeit- und\u202fUnterhaltungszentren.<\/li><li>Kinderg\u00e4rten, Schulen und sonstige Bildungseinrichtungen.<\/li><li>Krankenh\u00e4user, Ambulanzen und sonstige medizinische Einrichtungen.<\/li><li>Kulturzentren, Theater und Museen.<\/li><li>Produktionsst\u00e4tten, Fabriken und Lagerr\u00e4ume.<\/li><li>Logistikzentren, Industrie - und Gewerbeparks<\/li><li>Landschaftsgestaltung<\/li><\/ul><p>Wir bieten einen individuellen Ansatz f\u00fcr jeden Kunden, unter Ber\u00fccksichtigung seiner W\u00fcnsche und Bed\u00fcrfnisse, um die bestm\u00f6glichen L\u00f6sungen f\u00fcr die Grundst\u00fccksbebauung zu schaffen.<\/p>\t\t\t\t\t\t<\/div>\n\t\t\t\t<\/div>\n\t\t\t\t\t<\/div>\n\t\t<\/div>\n\t\t\t\t\t<\/div>\n\t\t<\/section>\n\t\t\t\t<section class=\"elementor-section elementor-top-section elementor-element elementor-element-292cb00 elementor-section-stretched elementor-section-full_width elementor-section-content-middle elementor-section-height-default elementor-section-height-default\" data-id=\"292cb00\" data-element_type=\"section\" data-settings=\"{&quot;stretch_section&quot;:&quot;section-stretched&quot;,&quot;_ha_eqh_enable&quot;:false}\">\n\t\t\t\t\t\t\t<div class=\"elementor-background-overlay\"><\/div>\n\t\t\t\t\t\t\t<div class=\"elementor-container elementor-column-gap-wide\">\n\t\t\t\t\t<div class=\"elementor-column elementor-col-50 elementor-top-column elementor-element elementor-element-10e58e4\" data-id=\"10e58e4\" data-element_type=\"column\">\n\t\t\t<div class=\"elementor-widget-wrap elementor-element-populated\">\n\t\t\t\t\t\t<div class=\"elementor-element elementor-element-842d76b elementor-widget elementor-widget-text-editor\" data-id=\"842d76b\" data-element_type=\"widget\" data-widget_type=\"text-editor.default\">\n\t\t\t\t<div class=\"elementor-widget-container\">\n\t\t\t\t\t\t\t<h3>Gestalten Sie mit uns die Zukunft der Architektur schon heute!<\/h3>\t\t\t\t\t\t<\/div>\n\t\t\t\t<\/div>\n\t\t\t\t\t<\/div>\n\t\t<\/div>\n\t\t\t\t<div class=\"elementor-column elementor-col-50 elementor-top-column elementor-element elementor-element-3d45bbf\" data-id=\"3d45bbf\" data-element_type=\"column\">\n\t\t\t<div class=\"elementor-widget-wrap elementor-element-populated\">\n\t\t\t\t\t\t<div class=\"elementor-element elementor-element-6294237 cea-btn-align-right cea-btn-tablet-align-left elementor-widget elementor-widget-ceabutton\" data-id=\"6294237\" data-element_type=\"widget\" data-widget_type=\"ceabutton.default\">\n\t\t\t\t<div class=\"elementor-widget-container cea-button-wrapper\">\r\n\t\t\t\t\t<div class=\"cea-button-wrapper\">\r\n\t\t\t<a href=\"https:\/\/gerz-aec.com\/de\/contact-us\/\" class=\"cea-button-link elementor-button cea-button elementor-size-sm\">\r\n\t\t\t\t\t\t<span class=\"cea-button-content-wrapper\">\r\n\t\t\t\t\t\t<span class=\"cea-button-icon cea-align-icon-\">\r\n\t\t\t\t\t\t\t<\/span>\r\n\t\t\t\t\t\t<span class=\"cea-button-text\">BERATUNG ANFRAGEN<\/span>\r\n\t\t<\/span>\r\n\t\t\t\t\t<\/a>\r\n\t\t<\/div>\r\n\t\t\t\t<\/div>\r\n\t\t\t\t<\/div>\n\t\t\t\t\t<\/div>\n\t\t<\/div>\n\t\t\t\t\t<\/div>\n\t\t<\/section>\n\t\t\t\t<section class=\"elementor-section elementor-top-section elementor-element elementor-element-204f6ba elementor-section-stretched elementor-section-content-middle cus-float-img elementor-section-boxed elementor-section-height-default elementor-section-height-default\" data-id=\"204f6ba\" data-element_type=\"section\" data-settings=\"{&quot;stretch_section&quot;:&quot;section-stretched&quot;,&quot;background_background&quot;:&quot;classic&quot;,&quot;_ha_eqh_enable&quot;:false}\">\n\t\t\t\t\t\t\t<div class=\"elementor-background-overlay\"><\/div>\n\t\t\t\t\t\t\t<div class=\"elementor-container elementor-column-gap-wide\">\n\t\t\t\t\t<div class=\"elementor-column elementor-col-33 elementor-top-column elementor-element elementor-element-45ef1f8\" data-id=\"45ef1f8\" data-element_type=\"column\">\n\t\t\t<div class=\"elementor-widget-wrap elementor-element-populated\">\n\t\t\t\t\t\t<section class=\"elementor-section elementor-inner-section elementor-element elementor-element-04ff13f elementor-section-content-middle elementor-section-boxed elementor-section-height-default elementor-section-height-default\" data-id=\"04ff13f\" data-element_type=\"section\" data-settings=\"{&quot;_ha_eqh_enable&quot;:false}\">\n\t\t\t\t\t\t<div class=\"elementor-container elementor-column-gap-default\">\n\t\t\t\t\t<div class=\"elementor-column elementor-col-100 elementor-inner-column elementor-element elementor-element-bb955ea\" data-id=\"bb955ea\" data-element_type=\"column\">\n\t\t\t<div class=\"elementor-widget-wrap elementor-element-populated\">\n\t\t\t\t\t\t<div class=\"elementor-element elementor-element-87d6049 cea-view-default elementor-invisible elementor-widget elementor-widget-ceafeaturebox\" data-id=\"87d6049\" data-element_type=\"widget\" data-settings=\"{&quot;_animation&quot;:&quot;fadeInUp&quot;}\" data-widget_type=\"ceafeaturebox.default\">\n\t\t\t\t<div class=\"elementor-widget-container feature-box-wrapper feature-box-default\">\r\n\t\t\t<div class=\"media\"><div class=\"media-icon-part align-self-center\"><div class=\"cea-featured-icon\"><i aria-hidden=\"true\" class=\"ti ti-location-pin\"><\/i><\/div><\/div><div class=\"media-body align-self-center\"><div class=\"fbox-content\">Mashynobudivnykiv, 5, 08132, Kiew, Ukraine <\/div><\/div><!-- .media-body --><\/div><!-- .media -->\t\t<\/div>\r\n\t\t\t\t<\/div>\n\t\t\t\t\t<\/div>\n\t\t<\/div>\n\t\t\t\t\t<\/div>\n\t\t<\/section>\n\t\t\t\t\t<\/div>\n\t\t<\/div>\n\t\t\t\t<div class=\"elementor-column elementor-col-33 elementor-top-column elementor-element elementor-element-213c721 elementor-invisible\" data-id=\"213c721\" data-element_type=\"column\" data-settings=\"{&quot;animation&quot;:&quot;fadeInUp&quot;}\">\n\t\t\t<div class=\"elementor-widget-wrap elementor-element-populated\">\n\t\t\t\t\t\t<div class=\"elementor-element elementor-element-e4f629e cea-view-default elementor-invisible elementor-widget elementor-widget-ceafeaturebox\" data-id=\"e4f629e\" data-element_type=\"widget\" data-settings=\"{&quot;_animation&quot;:&quot;fadeInUp&quot;}\" data-widget_type=\"ceafeaturebox.default\">\n\t\t\t\t<div class=\"elementor-widget-container feature-box-wrapper feature-box-default\">\r\n\t\t\t<div class=\"media\"><div class=\"media-icon-part align-self-center\"><div class=\"cea-featured-icon cea-elementor-animation\"><i aria-hidden=\"true\" class=\"ti ti-headphone-alt\"><\/i><\/div><\/div><div class=\"media-body align-self-center\"><div class=\"fbox-content\"><a href=\"tel: 380445380360\">+38(044) 538-03-60<\/a>\n\n<\/div><\/div><!-- .media-body --><\/div><!-- .media -->\t\t<\/div>\r\n\t\t\t\t<\/div>\n\t\t\t\t\t<\/div>\n\t\t<\/div>\n\t\t\t\t<div class=\"elementor-column elementor-col-33 elementor-top-column elementor-element elementor-element-91b3246 elementor-invisible\" data-id=\"91b3246\" data-element_type=\"column\" data-settings=\"{&quot;animation&quot;:&quot;fadeInUp&quot;}\">\n\t\t\t<div class=\"elementor-widget-wrap elementor-element-populated\">\n\t\t\t\t\t\t<div class=\"elementor-element elementor-element-23c6b9a cea-view-default elementor-invisible elementor-widget elementor-widget-ceafeaturebox\" data-id=\"23c6b9a\" data-element_type=\"widget\" data-settings=\"{&quot;_animation&quot;:&quot;fadeInUp&quot;}\" data-widget_type=\"ceafeaturebox.default\">\n\t\t\t\t<div class=\"elementor-widget-container feature-box-wrapper feature-box-default\">\r\n\t\t\t<div class=\"media\"><div class=\"media-icon-part align-self-center\"><div class=\"cea-featured-icon\"><i aria-hidden=\"true\" class=\"ti ti-email\"><\/i><\/div><\/div><div class=\"media-body align-self-center\"><div class=\"fbox-content\"><a href=\"mailto:office@gerz-aec.com\">office@gerz-aec.com <\/a>\n<\/div><\/div><!-- .media-body --><\/div><!-- .media -->\t\t<\/div>\r\n\t\t\t\t<\/div>\n\t\t\t\t\t<\/div>\n\t\t<\/div>\n\t\t\t\t\t<\/div>\n\t\t<\/section>\n\t\t\t\t<\/div>","protected":false},"excerpt":{"rendered":"<p>\u0410\u0440\u0445\u0456\u0442\u0435\u043a\u0442\u0443\u0440\u043d\u0456 \u043a\u043e\u043d\u0446\u0435\u043f\u0446\u0456\u0457 \u0454 \u043e\u0441\u043d\u043e\u0432\u043e\u044e \u0434\u043b\u044f \u0441\u0442\u0432\u043e\u0440\u0435\u043d\u043d\u044f \u0443\u0441\u043f\u0456\u0448\u043d\u043e\u0433\u043e \u043f\u0440\u043e\u0454\u043a\u0442\u0443, \u0442\u043e\u043c\u0443 \u0434\u043e \u0441\u0442\u0432\u043e\u0440\u0435\u043d\u043d\u044f \u043a\u043e\u043d\u0446\u0435\u043f\u0446\u0456\u0439 \u043c\u0438 \u0437\u0430\u0432\u0436\u0434\u0438 \u0441\u0442\u0430\u0432\u0438\u043c\u043e\u0441\u044c \u0437 \u043c\u0430\u043a\u0441\u0438\u043c\u0430\u043b\u044c\u043d\u043e\u044e \u0443\u0432\u0430\u0433\u043e\u044e \u0442\u0430 \u043f\u0435\u0434\u0430\u043d\u0442\u0438\u0447\u043d\u0456\u0441\u0442\u044e.\u00a0 \u041c\u0438 \u043f\u0440\u043e\u043f\u043e\u043d\u0443\u0454\u043c\u043e \u0432\u0438\u043a\u043e\u043d\u0430\u043d\u043d\u044f \u044f\u043a\u0456\u0441\u043d\u0438\u0445 \u0435\u0441\u043a\u0456\u0437\u043d\u0438\u0445 \u043f\u0440\u043e\u043f\u043e\u0437\u0438\u0446\u0456\u0457 \u0437\u0430\u0431\u0443\u0434\u043e\u0432\u0438, \u0432\u0440\u0430\u0445\u043e\u0432\u0443\u044e\u0447\u0438\u00a0 \u043f\u043e\u0431\u0430\u0436\u0430\u043d\u043d\u044f \u0437\u0430\u043c\u043e\u0432\u043d\u0438\u043a\u0430, \u0441\u0443\u0447\u0430\u0441\u043d\u0456 \u0442\u0435\u043d\u0434\u0435\u043d\u0446\u0456\u0457 \u0432 \u0430\u0440\u0445\u0456\u0442\u0435\u043a\u0442\u0443\u0440\u0456 \u0442\u0430 \u0434\u0438\u0437\u0430\u0439\u043d\u0456 . \u0417\u0430\u0432\u0434\u044f\u043a\u0438 \u043d\u0430\u0448\u0456\u0439 \u0431\u0430\u0433\u0430\u0442\u043e\u0440\u0456\u0447\u043d\u0456\u0439 \u043f\u0440\u0430\u043a\u0442\u0438\u0446\u0456, \u043c\u0438 \u0437\u0434\u0430\u0442\u043d\u0456 \u0435\u0444\u0435\u043a\u0442\u0438\u0432\u043d\u043e \u0432\u0438\u0440\u0456\u0448\u0443\u0432\u0430\u0442\u0438 \u043d\u0430\u0432\u0456\u0442\u044c \u0441\u043a\u0434\u0430\u0434\u043d\u0456 \u0437\u0430\u0432\u0434\u0430\u043d\u043d\u044f, \u0437\u0430\u0431\u0435\u0437\u043f\u0435\u0447\u0443\u044e\u0447\u0438 \u0456\u043d\u043d\u043e\u0432\u0430\u0446\u0456\u0439\u043d\u0456 \u0440\u0456\u0448\u0435\u043d\u043d\u044f \u0442\u0430 \u0432\u0438\u043a\u043e\u043d\u0430\u0442\u0438 \u043f\u0440\u043e\u0454\u043a\u0442 \u043d\u0430<\/p>","protected":false},"author":3,"featured_media":0,"parent":0,"menu_order":0,"comment_status":"closed","ping_status":"closed","template":"","meta":{"footnotes":""},"_links":{"self":[{"href":"https:\/\/gerz-aec.com\/de\/wp-json\/wp\/v2\/pages\/27215"}],"collection":[{"href":"https:\/\/gerz-aec.com\/de\/wp-json\/wp\/v2\/pages"}],"about":[{"href":"https:\/\/gerz-aec.com\/de\/wp-json\/wp\/v2\/types\/page"}],"author":[{"embeddable":true,"href":"https:\/\/gerz-aec.com\/de\/wp-json\/wp\/v2\/users\/3"}],"replies":[{"embeddable":true,"href":"https:\/\/gerz-aec.com\/de\/wp-json\/wp\/v2\/comments?post=27215"}],"version-history":[{"count":112,"href":"https:\/\/gerz-aec.com\/de\/wp-json\/wp\/v2\/pages\/27215\/revisions"}],"predecessor-version":[{"id":29912,"href":"https:\/\/gerz-aec.com\/de\/wp-json\/wp\/v2\/pages\/27215\/revisions\/29912"}],"wp:attachment":[{"href":"https:\/\/gerz-aec.com\/de\/wp-json\/wp\/v2\/media?parent=27215"}],"curies":[{"name":"wp","href":"https:\/\/api.w.org\/{rel}","templated":true}]}}